{"id":2349,"date":"2019-08-06T20:15:47","date_gmt":"2019-08-06T20:15:47","guid":{"rendered":"https:\/\/www.hrifunesnaturepark.is\/?page_id=2349"},"modified":"2019-08-20T22:15:02","modified_gmt":"2019-08-20T22:15:02","slug":"introduction-video","status":"publish","type":"page","link":"https:\/\/www.hrifunesnaturepark.is\/is\/introduction-video\/","title":{"rendered":"Myndband"},"content":{"rendered":"<div class=\"wpb-content-wrapper\"><div data-vc-full-width=\"true\" data-vc-full-width-init=\"false\" data-vc-stretch-content=\"true\" class=\"row-wrapper full-row vc_custom_1565228347764\"><div class=\"vc_row-o-content-middle vc_row-flex\"><div class=\"large-12 columns\"><div class=\"vc_column-inner\"><div class=\"wpb_wrapper\">\t<div class=\"vc_empty_space\">\n\t\t<span class=\"vc_empty_space_inner\"><\/span>\n\t\t<div class=\"show-for-large\"  style=\"height: 0px\"><\/div>\n\t\t<div class=\"hide-for-large\"  style=\"height: 100px\"><\/div>\t<\/div>\n\n\n\t<div class=\"wpb_text_column wpb_content_element\">\n\t\t<div class=\"wpb_wrapper\">\n\t\t\t<div id=\"wpfp_6c27cbd627a8291a49f5c4a128231507\" data-item=\"{&quot;sources&quot;:[{&quot;src&quot;:&quot;https:\\\/\\\/www.hrifunesnaturepark.is\\\/wp-content\\\/uploads\\\/videos\\\/Hrifunes_Nature_Park_WEB.mp4&quot;,&quot;type&quot;:&quot;video\\\/mp4&quot;}],&quot;id&quot;:&quot;1&quot;,&quot;splash&quot;:&quot;https:\\\/\\\/www.hrifunesnaturepark.is\\\/wp-content\\\/uploads\\\/2019\\\/08\\\/hnp-video-cover.jpg&quot;}\" class=\"flowplayer no-brand is-splash is-paused skin-slim no-svg fp-slim fp-edgy\" data-fv-embed=\"https:\/\/www.hrifunesnaturepark.is\/is\/introduction-video\/fvp-1\/\" style=\"position:relative; max-width: 1280px; max-height: 720px; \" data-ratio=\"0.5625\">\n\t<div class=\"fp-ratio\" style=\"padding-top: 56.25%\"><\/div>\n\t<img decoding=\"async\" class=\"fp-splash\" alt=\"video\" src=\"https:\/\/www.hrifunesnaturepark.is\/wp-content\/uploads\/2019\/08\/hnp-video-cover.jpg\" style=\"position:absolute;top:0;width:100%\" \/>\n\t<div class=\"fp-ui\"><noscript>Please enable JavaScript<\/noscript><div class=\"fp-play fp-visible\"><svg class=\"fp-play-sharp-fill\" xmlns=\"http:\/\/www.w3.org\/2000\/svg\" viewbox=\"0 0 100 100\"><defs><style>.fp-color-play{opacity:0.65;}.controlbutton{fill:#fff;}<\/style><\/defs><title>play-sharp-fill<\/title><path class=\"fp-color-play\" d=\"M49.9217-.078a50,50,0,1,0,50,50A50.0564,50.0564,0,0,0,49.9217-.078Z\"><\/path><polygon class=\"controlbutton\" points=\"73.601 50 37.968 70.573 37.968 29.427 73.601 50\" filter=\"url(#f1)\"><\/polygon><\/svg><\/div><div class=\"fp-preload\"><b><\/b><b><\/b><b><\/b><b><\/b><\/div><\/div>\n<div class='fvp-share-bar'><ul class=\"fvp-sharing\">\r\n    <li><a class=\"sharing-facebook\" href=\"https:\/\/www.facebook.com\/sharer\/sharer.php?u=https%3A%2F%2Fwww.hrifunesnaturepark.is%2Fis%2Fintroduction-video%2F\" target=\"_blank\"><\/a><\/li>\r\n    <li><a class=\"sharing-twitter\" href=\"https:\/\/twitter.com\/intent\/tweet?text=Hr%C3%ADfunes+Nature+Park+&url=https%3A%2F%2Fwww.hrifunesnaturepark.is%2Fis%2Fintroduction-video%2F\" target=\"_blank\"><\/a><\/li>\r\n    <li><a class=\"sharing-email\" href=\"mailto:?body=Take%20a%20look%20at%20Hr%C3%ADfunes%20Nature%20Park%2C%20one%20of%20the%20greatest%20options%20for%20your%20luxurious%20stay%20in%20Iceland.%3A%20https%3A%2F%2Fwww.hrifunesnaturepark.is%2Fis%2Fintroduction-video%2F\" target=\"_blank\"><\/a><\/li><\/ul><div><a class=\"sharing-link\" href=\"https:\/\/www.hrifunesnaturepark.is\/is\/introduction-video\/\" target=\"_blank\">Link<\/a><\/div><div><label><a class=\"embed-code-toggle\" href=\"#\"><strong>Embed<\/strong><\/a><\/label><\/div><div class=\"embed-code\"><label>Copy and paste this HTML code into your webpage to embed.<\/label><textarea><\/textarea><\/div><\/div>\n<\/div>\n\n\n\t\t<\/div>\n\t<\/div>\n<\/div><\/div><\/div><\/div><div class=\"vc_row-full-width vc_clearfix\"><\/div><\/div><div class=\"vc_row-full-width vc_clearfix\"><\/div><div  class=\"row-wrapper  vc_custom_1565228290916\"><div class=\"\"><div class=\"large-12 columns\"><div class=\"vc_column-inner\"><div class=\"wpb_wrapper\">\t<div class=\"vc_empty_space\">\n\t\t<span class=\"vc_empty_space_inner\"><\/span>\n\t\t<div class=\"\"  style=\"height: 10px\"><\/div>\n\t\t\t<\/div>\n\n\n\t<div class=\"wpb_text_column wpb_content_element translation-block\">\n\t\t<div class=\"wpb_wrapper\">\n\t\t\t<p><span style=\"color: #fefefe\">Ef \u00fe\u00fa vilt l\u00e6ra meira um sv\u00e6\u00f0i\u00f0 e\u00f0a hefur einhverjar spurningar, ekki hika vi\u00f0 a\u00f0 <\/span><span style=\"color: #b0915c\"><a href=\"\/is\/contact\/\">hafa samband<\/a>.<\/span><\/p>\n\n\t\t<\/div>\n\t<\/div>\n\t<div class=\"vc_empty_space\">\n\t\t<span class=\"vc_empty_space_inner\"><\/span>\n\t\t<div class=\"\"  style=\"height: 60px\"><\/div>\n\t\t\t<\/div>\n\n<\/div><\/div><\/div><\/div><div class=\"vc_row-full-width vc_clearfix\"><\/div><\/div><div  class=\"row-wrapper  id_169ec5076464f8737767378\"><div class=\"\"><div class=\"large-12 columns\"><div class=\"vc_column-inner\"><div class=\"wpb_wrapper\">\n\t<div class=\"wpb_text_column wpb_content_element\">\n\t\t<div class=\"wpb_wrapper\">\n\t\t\t<h1>Introduction Video for Hr\u00edfunes Nature Park<\/h1>\n\n\t\t<\/div>\n\t<\/div>\n<\/div><\/div><\/div><\/div><div class=\"vc_row-full-width vc_clearfix\"><\/div><\/div>\n<\/div>","protected":false},"excerpt":{"rendered":"Please enable JavaScriptplay-sharp-fill LinkEmbedCopy and paste this HTML code into your webpage to embed. Our introduction video gives you only a taste of what to expect. Furthermore, if you wish to know more or have any questions, don't hesitate to contact us. Introduction Video for Hr\u00edfunes Nature Park","protected":false},"author":2,"featured_media":2338,"parent":0,"menu_order":0,"comment_status":"closed","ping_status":"closed","template":"","meta":{"om_disable_all_campaigns":false,"_exactmetrics_skip_tracking":false,"_exactmetrics_sitenote_active":false,"_exactmetrics_sitenote_note":"","_exactmetrics_sitenote_category":0,"_monsterinsights_skip_tracking":false,"_monsterinsights_sitenote_active":false,"_monsterinsights_sitenote_note":"","_monsterinsights_sitenote_category":0,"_uf_show_specific_survey":0,"_uf_disable_surveys":false,"footnotes":""},"class_list":["post-2349","page","type-page","status-publish","has-post-thumbnail","hentry"],"aioseo_notices":[],"yoast_head":"<!-- This site is optimized with the Yoast SEO plugin v25.4 - https:\/\/yoast.com\/wordpress\/plugins\/seo\/ -->\n<title>Introduction video for Hr\u00edfunes Nature Park - It is otherworldly<\/title>\n<meta name=\"description\" content=\"Hrifunes Nature Park combines natural beauty and modern comfort. Watch our introduction video and learn about what we are all about.\" \/>\n<meta name=\"robots\" content=\"index, follow, max-snippet:-1, max-image-preview:large, max-video-preview:-1\" \/>\n<link rel=\"canonical\" href=\"http:\/\/www.hrifunesnaturepark.is\/is\/\" \/>\n<meta property=\"og:locale\" content=\"is_IS\" \/>\n<meta property=\"og:type\" content=\"article\" \/>\n<meta property=\"og:title\" content=\"Hrifunes Nature Park - Luxurious cabins in South Iceland.\" \/>\n<meta property=\"og:description\" content=\"Hrifunes Nature Park combines natural beauty and modern comfort. The park lies in a lush area, surrounded by Icelands most popular natural attractions.\" \/>\n<meta property=\"og:url\" content=\"http:\/\/www.hrifunesnaturepark.is\/is\/\" \/>\n<meta property=\"og:site_name\" content=\"Hr\u00edfunes Nature Park\" \/>\n<meta property=\"article:modified_time\" content=\"2019-08-20T22:15:02+00:00\" \/>\n<meta property=\"og:image\" content=\"https:\/\/www.hrifunesnaturepark.is\/wp-content\/uploads\/2018\/08\/vidatta.jpg\" \/>\n\t<meta property=\"og:image:width\" content=\"1920\" \/>\n\t<meta property=\"og:image:height\" content=\"1080\" \/>\n\t<meta property=\"og:image:type\" content=\"image\/jpeg\" \/>\n<meta name=\"twitter:card\" content=\"summary_large_image\" \/>\n<meta name=\"twitter:title\" content=\"Hrifunes Nature Park - Luxurious cabins in South Iceland.\" \/>\n<meta name=\"twitter:description\" content=\"Hrifunes Nature Park combines natural beauty and modern comfort. The park lies in a lush area, surrounded by Icelands most popular natural attractions.\" \/>\n<meta name=\"twitter:image\" content=\"https:\/\/www.hrifunesnaturepark.is\/wp-content\/uploads\/2018\/08\/vidatta.jpg\" \/>\n<meta name=\"twitter:site\" content=\"@hrifunes\" \/>\n<meta name=\"twitter:label1\" content=\"Est. reading time\" \/>\n\t<meta name=\"twitter:data1\" content=\"1 minute\" \/>\n<script type=\"application\/ld+json\" class=\"yoast-schema-graph\">{\"@context\":\"https:\/\/schema.org\",\"@graph\":[{\"@type\":\"WebPage\",\"@id\":\"https:\/\/www.hrifunesnaturepark.is\/introduction-video\/\",\"url\":\"http:\/\/www.hrifunesnaturepark.is\",\"name\":\"Introduction video for Hr\u00edfunes Nature Park - It is otherworldly\",\"isPartOf\":{\"@id\":\"https:\/\/www.hrifunesnaturepark.is\/#website\"},\"primaryImageOfPage\":{\"@id\":\"http:\/\/www.hrifunesnaturepark.is#primaryimage\"},\"image\":{\"@id\":\"http:\/\/www.hrifunesnaturepark.is#primaryimage\"},\"thumbnailUrl\":\"https:\/\/www.hrifunesnaturepark.is\/wp-content\/uploads\/2019\/08\/hnp-video-cover.jpg\",\"datePublished\":\"2019-08-06T20:15:47+00:00\",\"dateModified\":\"2019-08-20T22:15:02+00:00\",\"description\":\"Hrifunes Nature Park combines natural beauty and modern comfort. Watch our introduction video and learn about what we are all about.\",\"breadcrumb\":{\"@id\":\"http:\/\/www.hrifunesnaturepark.is#breadcrumb\"},\"inLanguage\":\"is\",\"potentialAction\":[{\"@type\":\"ReadAction\",\"target\":[\"http:\/\/www.hrifunesnaturepark.is\"]}]},{\"@type\":\"ImageObject\",\"inLanguage\":\"is\",\"@id\":\"http:\/\/www.hrifunesnaturepark.is#primaryimage\",\"url\":\"https:\/\/www.hrifunesnaturepark.is\/wp-content\/uploads\/2019\/08\/hnp-video-cover.jpg\",\"contentUrl\":\"https:\/\/www.hrifunesnaturepark.is\/wp-content\/uploads\/2019\/08\/hnp-video-cover.jpg\",\"width\":1920,\"height\":1080,\"caption\":\"Couple eating - video cover\"},{\"@type\":\"BreadcrumbList\",\"@id\":\"http:\/\/www.hrifunesnaturepark.is#breadcrumb\",\"itemListElement\":[{\"@type\":\"ListItem\",\"position\":1,\"name\":\"Home\",\"item\":\"https:\/\/www.hrifunesnaturepark.is\/\"},{\"@type\":\"ListItem\",\"position\":2,\"name\":\"Introduction video\"}]},{\"@type\":\"WebSite\",\"@id\":\"https:\/\/www.hrifunesnaturepark.is\/#website\",\"url\":\"https:\/\/www.hrifunesnaturepark.is\/\",\"name\":\"Hr\u00edfunes Nature Park\",\"description\":\"Your second home in Iceland&#039;s untamed wilderness\",\"publisher\":{\"@id\":\"https:\/\/www.hrifunesnaturepark.is\/#organization\"},\"potentialAction\":[{\"@type\":\"SearchAction\",\"target\":{\"@type\":\"EntryPoint\",\"urlTemplate\":\"https:\/\/www.hrifunesnaturepark.is\/?s={search_term_string}\"},\"query-input\":{\"@type\":\"PropertyValueSpecification\",\"valueRequired\":true,\"valueName\":\"search_term_string\"}}],\"inLanguage\":\"is\"},{\"@type\":\"Organization\",\"@id\":\"https:\/\/www.hrifunesnaturepark.is\/#organization\",\"name\":\"Hr\u00edfunes Nature Park\",\"url\":\"https:\/\/www.hrifunesnaturepark.is\/\",\"logo\":{\"@type\":\"ImageObject\",\"inLanguage\":\"is\",\"@id\":\"https:\/\/www.hrifunesnaturepark.is\/#\/schema\/logo\/image\/\",\"url\":\"https:\/\/www.hrifunesnaturepark.is\/wp-content\/uploads\/2018\/06\/Hrifunes-Nature-Park-horizontal-gold.png\",\"contentUrl\":\"https:\/\/www.hrifunesnaturepark.is\/wp-content\/uploads\/2018\/06\/Hrifunes-Nature-Park-horizontal-gold.png\",\"width\":952,\"height\":270,\"caption\":\"Hr\u00edfunes Nature Park\"},\"image\":{\"@id\":\"https:\/\/www.hrifunesnaturepark.is\/#\/schema\/logo\/image\/\"},\"sameAs\":[\"https:\/\/x.com\/hrifunes\",\"https:\/\/instagram.com\/hrifunesnaturepark\"]}]}<\/script>\n<!-- \/ Yoast SEO plugin. -->","yoast_head_json":{"title":"Introduction video for Hr\u00edfunes Nature Park - It is otherworldly","description":"Hrifunes Nature Park combines natural beauty and modern comfort. Watch our introduction video and learn about what we are all about.","robots":{"index":"index","follow":"follow","max-snippet":"max-snippet:-1","max-image-preview":"max-image-preview:large","max-video-preview":"max-video-preview:-1"},"canonical":"http:\/\/www.hrifunesnaturepark.is\/is\/","og_locale":"is_IS","og_type":"article","og_title":"Hrifunes Nature Park - Luxurious cabins in South Iceland.","og_description":"Hrifunes Nature Park combines natural beauty and modern comfort. The park lies in a lush area, surrounded by Icelands most popular natural attractions.","og_url":"http:\/\/www.hrifunesnaturepark.is\/is\/","og_site_name":"Hr\u00edfunes Nature Park","article_modified_time":"2019-08-20T22:15:02+00:00","og_image":[{"width":1920,"height":1080,"url":"https:\/\/www.hrifunesnaturepark.is\/wp-content\/uploads\/2018\/08\/vidatta.jpg","type":"image\/jpeg"}],"twitter_card":"summary_large_image","twitter_title":"Hrifunes Nature Park - Luxurious cabins in South Iceland.","twitter_description":"Hrifunes Nature Park combines natural beauty and modern comfort. The park lies in a lush area, surrounded by Icelands most popular natural attractions.","twitter_image":"https:\/\/www.hrifunesnaturepark.is\/wp-content\/uploads\/2018\/08\/vidatta.jpg","twitter_site":"@hrifunes","twitter_misc":{"Est. reading time":"1 minute"},"schema":{"@context":"https:\/\/schema.org","@graph":[{"@type":"WebPage","@id":"https:\/\/www.hrifunesnaturepark.is\/introduction-video\/","url":"http:\/\/www.hrifunesnaturepark.is","name":"Introduction video for Hr\u00edfunes Nature Park - It is otherworldly","isPartOf":{"@id":"https:\/\/www.hrifunesnaturepark.is\/#website"},"primaryImageOfPage":{"@id":"http:\/\/www.hrifunesnaturepark.is#primaryimage"},"image":{"@id":"http:\/\/www.hrifunesnaturepark.is#primaryimage"},"thumbnailUrl":"https:\/\/www.hrifunesnaturepark.is\/wp-content\/uploads\/2019\/08\/hnp-video-cover.jpg","datePublished":"2019-08-06T20:15:47+00:00","dateModified":"2019-08-20T22:15:02+00:00","description":"Hrifunes Nature Park combines natural beauty and modern comfort. Watch our introduction video and learn about what we are all about.","breadcrumb":{"@id":"http:\/\/www.hrifunesnaturepark.is#breadcrumb"},"inLanguage":"is","potentialAction":[{"@type":"ReadAction","target":["http:\/\/www.hrifunesnaturepark.is"]}]},{"@type":"ImageObject","inLanguage":"is","@id":"http:\/\/www.hrifunesnaturepark.is#primaryimage","url":"https:\/\/www.hrifunesnaturepark.is\/wp-content\/uploads\/2019\/08\/hnp-video-cover.jpg","contentUrl":"https:\/\/www.hrifunesnaturepark.is\/wp-content\/uploads\/2019\/08\/hnp-video-cover.jpg","width":1920,"height":1080,"caption":"Couple eating - video cover"},{"@type":"BreadcrumbList","@id":"http:\/\/www.hrifunesnaturepark.is#breadcrumb","itemListElement":[{"@type":"ListItem","position":1,"name":"Home","item":"https:\/\/www.hrifunesnaturepark.is\/"},{"@type":"ListItem","position":2,"name":"Introduction video"}]},{"@type":"WebSite","@id":"https:\/\/www.hrifunesnaturepark.is\/#website","url":"https:\/\/www.hrifunesnaturepark.is\/","name":"Hr\u00edfunes Nature Park","description":"Your second home in Iceland&#039;s untamed wilderness","publisher":{"@id":"https:\/\/www.hrifunesnaturepark.is\/#organization"},"potentialAction":[{"@type":"SearchAction","target":{"@type":"EntryPoint","urlTemplate":"https:\/\/www.hrifunesnaturepark.is\/?s={search_term_string}"},"query-input":{"@type":"PropertyValueSpecification","valueRequired":true,"valueName":"search_term_string"}}],"inLanguage":"is"},{"@type":"Organization","@id":"https:\/\/www.hrifunesnaturepark.is\/#organization","name":"Hr\u00edfunes Nature Park","url":"https:\/\/www.hrifunesnaturepark.is\/","logo":{"@type":"ImageObject","inLanguage":"is","@id":"https:\/\/www.hrifunesnaturepark.is\/#\/schema\/logo\/image\/","url":"https:\/\/www.hrifunesnaturepark.is\/wp-content\/uploads\/2018\/06\/Hrifunes-Nature-Park-horizontal-gold.png","contentUrl":"https:\/\/www.hrifunesnaturepark.is\/wp-content\/uploads\/2018\/06\/Hrifunes-Nature-Park-horizontal-gold.png","width":952,"height":270,"caption":"Hr\u00edfunes Nature Park"},"image":{"@id":"https:\/\/www.hrifunesnaturepark.is\/#\/schema\/logo\/image\/"},"sameAs":["https:\/\/x.com\/hrifunes","https:\/\/instagram.com\/hrifunesnaturepark"]}]}},"_links":{"self":[{"href":"https:\/\/www.hrifunesnaturepark.is\/is\/wp-json\/wp\/v2\/pages\/2349","targetHints":{"allow":["GET"]}}],"collection":[{"href":"https:\/\/www.hrifunesnaturepark.is\/is\/wp-json\/wp\/v2\/pages"}],"about":[{"href":"https:\/\/www.hrifunesnaturepark.is\/is\/wp-json\/wp\/v2\/types\/page"}],"author":[{"embeddable":true,"href":"https:\/\/www.hrifunesnaturepark.is\/is\/wp-json\/wp\/v2\/users\/2"}],"replies":[{"embeddable":true,"href":"https:\/\/www.hrifunesnaturepark.is\/is\/wp-json\/wp\/v2\/comments?post=2349"}],"version-history":[{"count":17,"href":"https:\/\/www.hrifunesnaturepark.is\/is\/wp-json\/wp\/v2\/pages\/2349\/revisions"}],"predecessor-version":[{"id":2441,"href":"https:\/\/www.hrifunesnaturepark.is\/is\/wp-json\/wp\/v2\/pages\/2349\/revisions\/2441"}],"wp:featuredmedia":[{"embeddable":true,"href":"https:\/\/www.hrifunesnaturepark.is\/is\/wp-json\/wp\/v2\/media\/2338"}],"wp:attachment":[{"href":"https:\/\/www.hrifunesnaturepark.is\/is\/wp-json\/wp\/v2\/media?parent=2349"}],"curies":[{"name":"wp","href":"https:\/\/api.w.org\/{rel}","templated":true}]}}