{"id":2286,"date":"2019-07-24T17:45:46","date_gmt":"2019-07-24T17:45:46","guid":{"rendered":"https:\/\/www.hrifunesnaturepark.is\/?page_id=2286"},"modified":"2019-07-24T18:18:18","modified_gmt":"2019-07-24T18:18:18","slug":"privacy-policy","status":"publish","type":"page","link":"https:\/\/www.hrifunesnaturepark.is\/is\/privacy-policy\/","title":{"rendered":"Privacy policy"},"content":{"rendered":"<div class=\"wpb-content-wrapper\"><div  class=\"row-wrapper  vc_custom_1529940790837\"><div class=\"\"><div class=\"large-12 columns\"><div class=\"vc_column-inner\"><div class=\"wpb_wrapper\"><div class=\"text-left reda-page-header id_169f63cdace217901306500 animate-text\"><div class=\"reda-header  header-color\" style=\"color: ;\">\n<h1>Pers\u00f3nuverndarstefna<\/h1>\n<\/div><\/div><style scoped> .reda-page-header.id_169f63cdace217901306500 .header-underline:after { background-color: ; }<\/style><div class=\"row row_inner\"><div class=\"large-12 columns\"><div class=\"vc_column-inner\"><div class=\"wpb_wrapper\">\t<div class=\"vc_empty_space\">\n\t\t<span class=\"vc_empty_space_inner\"><\/span>\n\t\t<div class=\"\"  style=\"height: 30px\"><\/div>\n\t\t\t<\/div>\n\n<div class=\"text-left reda-page-header id_169f63cdace871830705757 animate-text\"><div class=\"reda-header  header-color\" style=\"color: ;\">\n<h3><b>Pers\u00f3nuverndarstefna<\/b><\/h3>\n<\/div><\/div><style scoped> .reda-page-header.id_169f63cdace871830705757 .header-underline:after { background-color: ; }<\/style>\t<div class=\"vc_empty_space\">\n\t\t<span class=\"vc_empty_space_inner\"><\/span>\n\t\t<div class=\"\"  style=\"height: 30px\"><\/div>\n\t\t\t<\/div>\n\n\n\t<div class=\"wpb_text_column wpb_content_element vc_custom_1563992291922\">\n\t\t<div class=\"wpb_wrapper\">\n\t\t\t<p><b>Um pers\u00f3nurverndarstefnuna<\/b><br \/>\nHr\u00edfunes Nature Park me\u00f0h\u00f6ndlar pers\u00f3nulegar uppl\u00fdsingar, m.a. \u00feegar \u00fe\u00fa b\u00f3kar dv\u00f6l e\u00f0a notar \u00fej\u00f3nustu Hr\u00edfunes Nature Park. Fyrir ne\u00f0an getur \u00fe\u00fa fundi\u00f0 uppl\u00fdsingar um me\u00f0h\u00f6ndlun \u00e1 pers\u00f3nuuppl\u00fdsingum. Skyldir \u00fe\u00fa hafa spurningar skaltu ekki hika vi\u00f0 a\u00f0 hafa samband og vi\u00f0 sv\u00f6rum eins flj\u00f3tt og m\u00f6gulega h\u00e6gt er.<\/p>\n<p><b>Fyrirt\u00e6ki\u00f0 sem me\u00f0h\u00f6ndlar pers\u00f3nuppl\u00fdsingar<\/b><br \/>\n<span style=\"font-weight: 400;\">Fyrirt\u00e6ki\u00f0 okkar Hrafnsh\u00f3ll ehf, Reykjarv\u00edkurvegi 64, 220 Hafnarfir\u00f0i, S: 6807141, veffang info@hrifunesnaturepark.is, ber \u00e1byrg\u00f0 \u00e1 vinnslu \u00e1 \u00f6llum pers\u00f3nuuppl\u00fdsingum sem vi\u00f0koma b\u00f3kun og \u00f6\u00f0rum kerfum. Fyrirt\u00e6ki\u00f0 s\u00e9r um einnig um vinnslu \u00e1 fr\u00e9ttabr\u00e9fi til vi\u00f0skiptavina og fleiri tengilli\u00f0a.<\/span><\/p>\n<p><b>Pers\u00f3nuuppl\u00fdsingar sem tengjast b\u00f3kun og dv\u00f6l<\/b><br \/>\n<span style=\"font-weight: 400;\">Vi\u00f0 b\u00f3kun \u00ed Hr\u00edfunesi, sem er framkv\u00e6md af \u00fe\u00e9r e\u00f0a \u00f6\u00f0rum notum vi\u00f0 pers\u00f3nuuppl\u00fdsingar sem vi\u00f0 \u00feurfum til \u00feess a\u00f0 kl\u00e1ra b\u00f3kunina e\u00f0a kaup \u00e1 \u00fej\u00f3nustu. \u00deetta eru uppl\u00fdsingar sem vi\u00f0 h\u00f6fum fengi\u00f0 beint fr\u00e1 \u00fe\u00e9r e\u00f0a \u00ed gegnum fer\u00f0a\u00fej\u00f3nustu. Vi\u00f0 me\u00f0h\u00f6ndlum uppl\u00fdsingar eins og kreditkortauppl\u00fdsingar, pers\u00f3nuuppl\u00fdsingar, s\u00edman\u00famer og heimilisfang. Vi\u00f0 munum einnig me\u00f0h\u00f6ndla a\u00f0rar uppl\u00fdsingar sem \u00fe\u00fa g\u00e6tir hafa gefi\u00f0 okkur sem tengjast dv\u00f6l \u00feinni. \u00dea\u00f0 g\u00e6ti t.d. veri\u00f0 uppl\u00fdsingar um ofn\u00e6mi e\u00f0a s\u00e9r\u00fearfir \u00e1 me\u00f0an dv\u00f6l stendur.<\/span><\/p>\n<p><span style=\"font-weight: 400;\">Vi\u00f0 skr\u00e1um ni\u00f0ur \u00f6ll kaup og b\u00f3kanir sem \u00fe\u00fa hefur gert hj\u00e1 okkur, til \u00feess a\u00f0 vera f\u00e6r um a\u00f0 \u00fatvega \u00fe\u00e1 \u00fej\u00f3nustu og grei\u00f0a fyrir hana. Vi\u00f0 vinnum \u00feessar uppl\u00fdsingar eins lengi og \u00fe\u00f6rf er \u00e1 til \u00feess a\u00f0 uppfylla b\u00f3kunarsamning og eins lengi og l\u00f6g og regluger\u00f0ir krefjast til.<\/span><\/p>\n<p><b>Pers\u00f3nuuppl\u00fdsingar \u00ed marka\u00f0slegum tilgangi<\/b><br \/>\n<span style=\"font-weight: 400;\">Ef \u00fe\u00fa skr\u00e1ir \u00feig \u00ed fr\u00e9ttabr\u00e9fi\u00f0 okkur munum vi\u00f0 geyma p\u00f3stfangi\u00f0 \u00feitt og senda \u00fe\u00e9r fr\u00e9ttir og tilbo\u00f0. \u00de\u00fa getur alltaf l\u00e1ti\u00f0 fjarl\u00e6gja \u00feig af p\u00f3stlistanum.<\/span><\/p>\n<p><b>Dreifing \u00e1 pers\u00f3nuuppl\u00fdsingum<\/b><br \/>\n<span style=\"font-weight: 400;\">Vi\u00f0 munum ekki dreifa neinum pers\u00f3nuuppl\u00fdsingum me\u00f0 \u00feri\u00f0ju a\u00f0ilum nema a\u00f0 \u00fe\u00fa hafir be\u00f0i\u00f0 um \u00fea\u00f0 e\u00f0a gefi\u00f0 leyfi fyrir \u00fev\u00ed. Fr\u00e1vik a\u00f0 \u00feeirri reglu g\u00e6ti veri\u00f0 ef bein skipun er ger\u00f0 af h\u00e1lfu r\u00edkisstj\u00f3rnar e\u00f0a l\u00f6greglu. Notkun \u00e1 hugb\u00fana\u00f0i sem vinnur pers\u00f3nuuppl\u00fdsingar telst ekki dreifing \u00e1 pers\u00f3nuuppl\u00fdsingum.<\/span><\/p>\n<p><b>K\u00f6kur<\/b><br \/>\n<span style=\"font-weight: 400;\">Til \u00feess a\u00f0 b\u00e6ta notendaupplifun \u00e1 vefs\u00ed\u00f0unni notum vi\u00f0 k\u00f6kur. Kaka er gagnaskr\u00e1 sem er hla\u00f0i\u00f0 ni\u00f0ur \u00ed t\u00e6ki\u00f0 sem \u00fe\u00fa notar til \u00feess a\u00f0 sko\u00f0a vefs\u00ed\u00f0una. \u00dea\u00f0 hj\u00e1lpar okkur a\u00f0 sj\u00e1 hva\u00f0a undirs\u00ed\u00f0ur eru heims\u00f3ttar \u00e1 okkar eigin s\u00ed\u00f0u. Me\u00f0 \u00fev\u00ed a\u00f0 nota s\u00ed\u00f0una okkar sam\u00feykkir \u00fe\u00fa notkun \u00e1 k\u00f6kum. Einn valm\u00f6guleiki er a\u00f0 sl\u00f6kkva \u00e1 k\u00f6kum \u00ed vafraranum. \u00cd sumum tilvikum takmarkar \u00fea\u00f0 notagildi vefs\u00ed\u00f0unnar.<\/span><\/p>\n<p><b>Breytingar \u00e1 pers\u00f3nuverndarstefnu<\/b><br \/>\n<span style=\"font-weight: 400;\">Skilm\u00e1lar \u00feessarar pers\u00f3nuverndarstefnu ver\u00f0ur breytt reglulega. \u00dea\u00f0 ver\u00f0ur gert \u00feegar regluger\u00f0um ver\u00f0ur breytt e\u00f0a r\u00edkisstj\u00f3rn krefst \u00feess af okkar h\u00e1lfu.<\/span><\/p>\n\n\t\t<\/div>\n\t<\/div>\n<\/div><\/div><\/div><\/div>\t<div class=\"vc_empty_space\">\n\t\t<span class=\"vc_empty_space_inner\"><\/span>\n\t\t<div class=\"\"  style=\"height: 60px\"><\/div>\n\t\t\t<\/div>\n\n<\/div><\/div><\/div><\/div><div class=\"vc_row-full-width vc_clearfix\"><\/div><\/div>\n<\/div>","protected":false},"excerpt":{"rendered":"PRIVACY POLICY PRIVACY POLICY About privacy policy Hr\u00edfunes Nature Park handles your personal information in a few ways, such as when you book our services, stay overnight in our cabins or use services we provide. Below, you can find more information about the processing of personal data. Should you have any questions, don't hesitate to [...]","protected":false},"author":2,"featured_media":2097,"parent":0,"menu_order":0,"comment_status":"closed","ping_status":"closed","template":"","meta":{"om_disable_all_campaigns":false,"_exactmetrics_skip_tracking":false,"_exactmetrics_sitenote_active":false,"_exactmetrics_sitenote_note":"","_exactmetrics_sitenote_category":0,"_monsterinsights_skip_tracking":false,"_monsterinsights_sitenote_active":false,"_monsterinsights_sitenote_note":"","_monsterinsights_sitenote_category":0,"_uf_show_specific_survey":0,"_uf_disable_surveys":false,"footnotes":""},"class_list":["post-2286","page","type-page","status-publish","has-post-thumbnail","hentry"],"aioseo_notices":[],"yoast_head":"<!-- This site is optimized with the Yoast SEO plugin v25.4 - https:\/\/yoast.com\/wordpress\/plugins\/seo\/ -->\n<title>Our privacy policy for Hr\u00edfunes Nature Park<\/title>\n<meta name=\"description\" content=\"Hr\u00edfunes Nature Park handles your personal information in a responsible manner. Please read our privacy policy carefully before booking a stay.\" \/>\n<meta name=\"robots\" content=\"index, follow, max-snippet:-1, max-image-preview:large, max-video-preview:-1\" \/>\n<link rel=\"canonical\" href=\"https:\/\/www.hrifunesnaturepark.is\/is\/privacy-policy\/\" \/>\n<meta property=\"og:locale\" content=\"is_IS\" \/>\n<meta property=\"og:type\" content=\"article\" \/>\n<meta property=\"og:title\" content=\"Terms and conditions - House rules and guidelines\" \/>\n<meta property=\"og:description\" content=\"An overview of the terms and conditions for your stay in Hrifunes Nature Park. What rules apply in the houses and in the general area.\" \/>\n<meta property=\"og:url\" content=\"https:\/\/www.hrifunesnaturepark.is\/is\/privacy-policy\/\" \/>\n<meta property=\"og:site_name\" content=\"Hr\u00edfunes Nature Park\" \/>\n<meta property=\"article:modified_time\" content=\"2019-07-24T18:18:18+00:00\" \/>\n<meta property=\"og:image\" content=\"https:\/\/www.hrifunesnaturepark.is\/wp-content\/uploads\/2018\/06\/Logo_styleguide_download.jpg\" \/>\n\t<meta property=\"og:image:width\" content=\"1280\" \/>\n\t<meta property=\"og:image:height\" content=\"720\" \/>\n\t<meta property=\"og:image:type\" content=\"image\/jpeg\" \/>\n<meta name=\"twitter:card\" content=\"summary_large_image\" \/>\n<meta name=\"twitter:title\" content=\"Terms and conditions - House rules and guidelines\" \/>\n<meta name=\"twitter:description\" content=\"An overview of the terms and conditions for your stay in Hrifunes Nature Park. What rules apply in the houses and in the general area.\" \/>\n<meta name=\"twitter:image\" content=\"https:\/\/www.hrifunesnaturepark.is\/wp-content\/uploads\/2018\/06\/Logo_styleguide_download.jpg\" \/>\n<meta name=\"twitter:site\" content=\"@hrifunes\" \/>\n<meta name=\"twitter:label1\" content=\"Est. reading time\" \/>\n\t<meta name=\"twitter:data1\" content=\"3 minutes\" \/>\n<script type=\"application\/ld+json\" class=\"yoast-schema-graph\">{\"@context\":\"https:\/\/schema.org\",\"@graph\":[{\"@type\":\"WebPage\",\"@id\":\"https:\/\/www.hrifunesnaturepark.is\/privacy-policy\/\",\"url\":\"https:\/\/www.hrifunesnaturepark.is\/privacy-policy\/\",\"name\":\"Our privacy policy for Hr\u00edfunes Nature Park\",\"isPartOf\":{\"@id\":\"https:\/\/www.hrifunesnaturepark.is\/#website\"},\"primaryImageOfPage\":{\"@id\":\"https:\/\/www.hrifunesnaturepark.is\/privacy-policy\/#primaryimage\"},\"image\":{\"@id\":\"https:\/\/www.hrifunesnaturepark.is\/privacy-policy\/#primaryimage\"},\"thumbnailUrl\":\"https:\/\/www.hrifunesnaturepark.is\/wp-content\/uploads\/2018\/11\/vidatta.jpg\",\"datePublished\":\"2019-07-24T17:45:46+00:00\",\"dateModified\":\"2019-07-24T18:18:18+00:00\",\"description\":\"Hr\u00edfunes Nature Park handles your personal information in a responsible manner. Please read our privacy policy carefully before booking a stay.\",\"breadcrumb\":{\"@id\":\"https:\/\/www.hrifunesnaturepark.is\/privacy-policy\/#breadcrumb\"},\"inLanguage\":\"is\",\"potentialAction\":[{\"@type\":\"ReadAction\",\"target\":[\"https:\/\/www.hrifunesnaturepark.is\/privacy-policy\/\"]}]},{\"@type\":\"ImageObject\",\"inLanguage\":\"is\",\"@id\":\"https:\/\/www.hrifunesnaturepark.is\/privacy-policy\/#primaryimage\",\"url\":\"https:\/\/www.hrifunesnaturepark.is\/wp-content\/uploads\/2018\/11\/vidatta.jpg\",\"contentUrl\":\"https:\/\/www.hrifunesnaturepark.is\/wp-content\/uploads\/2018\/11\/vidatta.jpg\",\"width\":1920,\"height\":1080,\"caption\":\"Beautiful scenery overlooking Hrifunes hotel\"},{\"@type\":\"BreadcrumbList\",\"@id\":\"https:\/\/www.hrifunesnaturepark.is\/privacy-policy\/#breadcrumb\",\"itemListElement\":[{\"@type\":\"ListItem\",\"position\":1,\"name\":\"Home\",\"item\":\"https:\/\/www.hrifunesnaturepark.is\/\"},{\"@type\":\"ListItem\",\"position\":2,\"name\":\"Privacy policy\"}]},{\"@type\":\"WebSite\",\"@id\":\"https:\/\/www.hrifunesnaturepark.is\/#website\",\"url\":\"https:\/\/www.hrifunesnaturepark.is\/\",\"name\":\"Hr\u00edfunes Nature Park\",\"description\":\"Your second home in Iceland&#039;s untamed wilderness\",\"publisher\":{\"@id\":\"https:\/\/www.hrifunesnaturepark.is\/#organization\"},\"potentialAction\":[{\"@type\":\"SearchAction\",\"target\":{\"@type\":\"EntryPoint\",\"urlTemplate\":\"https:\/\/www.hrifunesnaturepark.is\/?s={search_term_string}\"},\"query-input\":{\"@type\":\"PropertyValueSpecification\",\"valueRequired\":true,\"valueName\":\"search_term_string\"}}],\"inLanguage\":\"is\"},{\"@type\":\"Organization\",\"@id\":\"https:\/\/www.hrifunesnaturepark.is\/#organization\",\"name\":\"Hr\u00edfunes Nature Park\",\"url\":\"https:\/\/www.hrifunesnaturepark.is\/\",\"logo\":{\"@type\":\"ImageObject\",\"inLanguage\":\"is\",\"@id\":\"https:\/\/www.hrifunesnaturepark.is\/#\/schema\/logo\/image\/\",\"url\":\"https:\/\/www.hrifunesnaturepark.is\/wp-content\/uploads\/2018\/06\/Hrifunes-Nature-Park-horizontal-gold.png\",\"contentUrl\":\"https:\/\/www.hrifunesnaturepark.is\/wp-content\/uploads\/2018\/06\/Hrifunes-Nature-Park-horizontal-gold.png\",\"width\":952,\"height\":270,\"caption\":\"Hr\u00edfunes Nature Park\"},\"image\":{\"@id\":\"https:\/\/www.hrifunesnaturepark.is\/#\/schema\/logo\/image\/\"},\"sameAs\":[\"https:\/\/x.com\/hrifunes\",\"https:\/\/instagram.com\/hrifunesnaturepark\"]}]}<\/script>\n<!-- \/ Yoast SEO plugin. -->","yoast_head_json":{"title":"Our privacy policy for Hr\u00edfunes Nature Park","description":"Hr\u00edfunes Nature Park handles your personal information in a responsible manner. Please read our privacy policy carefully before booking a stay.","robots":{"index":"index","follow":"follow","max-snippet":"max-snippet:-1","max-image-preview":"max-image-preview:large","max-video-preview":"max-video-preview:-1"},"canonical":"https:\/\/www.hrifunesnaturepark.is\/is\/privacy-policy\/","og_locale":"is_IS","og_type":"article","og_title":"Terms and conditions - House rules and guidelines","og_description":"An overview of the terms and conditions for your stay in Hrifunes Nature Park. What rules apply in the houses and in the general area.","og_url":"https:\/\/www.hrifunesnaturepark.is\/is\/privacy-policy\/","og_site_name":"Hr\u00edfunes Nature Park","article_modified_time":"2019-07-24T18:18:18+00:00","og_image":[{"width":1280,"height":720,"url":"https:\/\/www.hrifunesnaturepark.is\/wp-content\/uploads\/2018\/06\/Logo_styleguide_download.jpg","type":"image\/jpeg"}],"twitter_card":"summary_large_image","twitter_title":"Terms and conditions - House rules and guidelines","twitter_description":"An overview of the terms and conditions for your stay in Hrifunes Nature Park. What rules apply in the houses and in the general area.","twitter_image":"https:\/\/www.hrifunesnaturepark.is\/wp-content\/uploads\/2018\/06\/Logo_styleguide_download.jpg","twitter_site":"@hrifunes","twitter_misc":{"Est. reading time":"3 minutes"},"schema":{"@context":"https:\/\/schema.org","@graph":[{"@type":"WebPage","@id":"https:\/\/www.hrifunesnaturepark.is\/privacy-policy\/","url":"https:\/\/www.hrifunesnaturepark.is\/privacy-policy\/","name":"Our privacy policy for Hr\u00edfunes Nature Park","isPartOf":{"@id":"https:\/\/www.hrifunesnaturepark.is\/#website"},"primaryImageOfPage":{"@id":"https:\/\/www.hrifunesnaturepark.is\/privacy-policy\/#primaryimage"},"image":{"@id":"https:\/\/www.hrifunesnaturepark.is\/privacy-policy\/#primaryimage"},"thumbnailUrl":"https:\/\/www.hrifunesnaturepark.is\/wp-content\/uploads\/2018\/11\/vidatta.jpg","datePublished":"2019-07-24T17:45:46+00:00","dateModified":"2019-07-24T18:18:18+00:00","description":"Hr\u00edfunes Nature Park handles your personal information in a responsible manner. Please read our privacy policy carefully before booking a stay.","breadcrumb":{"@id":"https:\/\/www.hrifunesnaturepark.is\/privacy-policy\/#breadcrumb"},"inLanguage":"is","potentialAction":[{"@type":"ReadAction","target":["https:\/\/www.hrifunesnaturepark.is\/privacy-policy\/"]}]},{"@type":"ImageObject","inLanguage":"is","@id":"https:\/\/www.hrifunesnaturepark.is\/privacy-policy\/#primaryimage","url":"https:\/\/www.hrifunesnaturepark.is\/wp-content\/uploads\/2018\/11\/vidatta.jpg","contentUrl":"https:\/\/www.hrifunesnaturepark.is\/wp-content\/uploads\/2018\/11\/vidatta.jpg","width":1920,"height":1080,"caption":"Beautiful scenery overlooking Hrifunes hotel"},{"@type":"BreadcrumbList","@id":"https:\/\/www.hrifunesnaturepark.is\/privacy-policy\/#breadcrumb","itemListElement":[{"@type":"ListItem","position":1,"name":"Home","item":"https:\/\/www.hrifunesnaturepark.is\/"},{"@type":"ListItem","position":2,"name":"Privacy policy"}]},{"@type":"WebSite","@id":"https:\/\/www.hrifunesnaturepark.is\/#website","url":"https:\/\/www.hrifunesnaturepark.is\/","name":"Hr\u00edfunes Nature Park","description":"Your second home in Iceland&#039;s untamed wilderness","publisher":{"@id":"https:\/\/www.hrifunesnaturepark.is\/#organization"},"potentialAction":[{"@type":"SearchAction","target":{"@type":"EntryPoint","urlTemplate":"https:\/\/www.hrifunesnaturepark.is\/?s={search_term_string}"},"query-input":{"@type":"PropertyValueSpecification","valueRequired":true,"valueName":"search_term_string"}}],"inLanguage":"is"},{"@type":"Organization","@id":"https:\/\/www.hrifunesnaturepark.is\/#organization","name":"Hr\u00edfunes Nature Park","url":"https:\/\/www.hrifunesnaturepark.is\/","logo":{"@type":"ImageObject","inLanguage":"is","@id":"https:\/\/www.hrifunesnaturepark.is\/#\/schema\/logo\/image\/","url":"https:\/\/www.hrifunesnaturepark.is\/wp-content\/uploads\/2018\/06\/Hrifunes-Nature-Park-horizontal-gold.png","contentUrl":"https:\/\/www.hrifunesnaturepark.is\/wp-content\/uploads\/2018\/06\/Hrifunes-Nature-Park-horizontal-gold.png","width":952,"height":270,"caption":"Hr\u00edfunes Nature Park"},"image":{"@id":"https:\/\/www.hrifunesnaturepark.is\/#\/schema\/logo\/image\/"},"sameAs":["https:\/\/x.com\/hrifunes","https:\/\/instagram.com\/hrifunesnaturepark"]}]}},"_links":{"self":[{"href":"https:\/\/www.hrifunesnaturepark.is\/is\/wp-json\/wp\/v2\/pages\/2286","targetHints":{"allow":["GET"]}}],"collection":[{"href":"https:\/\/www.hrifunesnaturepark.is\/is\/wp-json\/wp\/v2\/pages"}],"about":[{"href":"https:\/\/www.hrifunesnaturepark.is\/is\/wp-json\/wp\/v2\/types\/page"}],"author":[{"embeddable":true,"href":"https:\/\/www.hrifunesnaturepark.is\/is\/wp-json\/wp\/v2\/users\/2"}],"replies":[{"embeddable":true,"href":"https:\/\/www.hrifunesnaturepark.is\/is\/wp-json\/wp\/v2\/comments?post=2286"}],"version-history":[{"count":3,"href":"https:\/\/www.hrifunesnaturepark.is\/is\/wp-json\/wp\/v2\/pages\/2286\/revisions"}],"predecessor-version":[{"id":2289,"href":"https:\/\/www.hrifunesnaturepark.is\/is\/wp-json\/wp\/v2\/pages\/2286\/revisions\/2289"}],"wp:featuredmedia":[{"embeddable":true,"href":"https:\/\/www.hrifunesnaturepark.is\/is\/wp-json\/wp\/v2\/media\/2097"}],"wp:attachment":[{"href":"https:\/\/www.hrifunesnaturepark.is\/is\/wp-json\/wp\/v2\/media?parent=2286"}],"curies":[{"name":"wp","href":"https:\/\/api.w.org\/{rel}","templated":true}]}}